{"id":428,"date":"2024-08-09T11:37:12","date_gmt":"2024-08-09T09:37:12","guid":{"rendered":"https:\/\/honadi.com\/outils\/?page_id=428"},"modified":"2024-09-26T11:37:50","modified_gmt":"2024-09-26T09:37:50","slug":"generateur-de-citation-aleatoire","status":"publish","type":"page","link":"https:\/\/honadi.com\/outils\/generateur-de-citation-aleatoire\/","title":{"rendered":"G\u00e9n\u00e9rateur de citation al\u00e9atoire"},"content":{"rendered":"\t\t<div data-elementor-type=\"wp-post\" data-elementor-id=\"428\" class=\"elementor elementor-428\" data-elementor-post-type=\"page\">\n\t\t\t\t<div class=\"elementor-element elementor-element-8ed4790 e-flex e-con-boxed wpr-particle-no wpr-jarallax-no wpr-parallax-no wpr-sticky-section-no wpr-equal-height-no e-con e-parent\" data-id=\"8ed4790\" data-element_type=\"container\" data-e-type=\"container\">\n\t\t\t\t\t<div class=\"e-con-inner\">\n\t\t\t\t<div class=\"elementor-element elementor-element-e21ceae elementor-widget elementor-widget-html\" data-id=\"e21ceae\" data-element_type=\"widget\" data-e-type=\"widget\" data-widget_type=\"html.default\">\n\t\t\t\t<div class=\"elementor-widget-container\">\n\t\t\t\t\t<!-- HTML -->\n<div id=\"generateur-citations\">\n    <div id=\"citation-container\">\n        <p id=\"citation\">Cliquez sur le bouton pour g\u00e9n\u00e9rer une citation.<\/p>\n        <p id=\"auteur\"><\/p>\n    <\/div>\n    <button id=\"nouvelle-citation-btn\">Nouvelle citation<\/button>\n    <div id=\"ajout-citation\">\n        <input type=\"text\" id=\"nouvelle-citation\" placeholder=\"Entrez une nouvelle citation\">\n        <input type=\"text\" id=\"nouvel-auteur\" placeholder=\"Nom de l'auteur\">\n        <button id=\"ajouter-citation-btn\">Ajouter la citation<\/button>\n    <\/div>\n<\/div>\n\n<!-- CSS -->\n<style>\n#generateur-citations {\n    font-family: Arial, sans-serif;\n    text-align: center;\n    background-color: #030E41;\n    padding: 2rem;\n    border-radius: 10px;\n    box-shadow: 0 0 10px rgba(0,0,0,0.1);\n    color: #FFFFFF;\n}\n#citation-container {\n    min-height: 150px;\n    display: flex;\n    flex-direction: column;\n    justify-content: center;\n}\n#citation {\n    font-size: 1.2rem;\n    margin: 1rem 0;\n    color: #A0616A;\n}\n#auteur {\n    font-style: italic;\n    color: #F9B200;\n    margin-top: 10px;\n}\n#generateur-citations button {\n    background-color: #F9B200;\n    color: #030E41;\n    border: none;\n    padding: 10px 20px;\n    font-size: 1rem;\n    cursor: pointer;\n    border-radius: 5px;\n    transition: background-color 0.3s;\n    margin: 5px;\n}\n#generateur-citations button:hover {\n    background-color: #A0616A;\n}\n#ajout-citation {\n    margin-top: 20px;\n}\n#ajout-citation input {\n    padding: 5px;\n    margin: 5px;\n    width: 80%;\n    max-width: 300px;\n}\n<\/style>\n\n<!-- JavaScript -->\n<script>\n(function() {\n    const citations = [\n        { texte: \"La vie est ce qui arrive pendant que vous \u00eates occup\u00e9 \u00e0 faire d'autres projets.\", auteur: \"John Lennon\" },\n        { texte: \"Le succ\u00e8s, c'est d'aller d'\u00e9chec en \u00e9chec sans perdre son enthousiasme.\", auteur: \"Winston Churchill\" },\n        { texte: \"La seule fa\u00e7on de faire du bon travail est d'aimer ce que vous faites.\", auteur: \"Steve Jobs\" },\n        { texte: \"La cr\u00e9ativit\u00e9, c'est l'intelligence qui s'amuse.\", auteur: \"Albert Einstein\" },\n        { texte: \"Le plus grand risque est de ne prendre aucun risque.\", auteur: \"Mark Zuckerberg\" },\n        { texte: \"L'imagination est plus importante que le savoir.\", auteur: \"Albert Einstein\" },\n        { texte: \"Le secret pour aller de l'avant est de commencer.\", auteur: \"Mark Twain\" },\n        { texte: \"La meilleure fa\u00e7on de pr\u00e9dire l'avenir est de le cr\u00e9er.\", auteur: \"Peter Drucker\" },\n        { texte: \"Soyez le changement que vous voulez voir dans le monde.\", auteur: \"Mahatma Gandhi\" },\n        { texte: \"La pers\u00e9v\u00e9rance est la cl\u00e9 du succ\u00e8s.\", auteur: \"Napoleon Hill\" },\n        { texte: \"Le bonheur n'est pas quelque chose de pr\u00eat \u00e0 l'emploi. Il vient de vos propres actions.\", auteur: \"Dalai Lama\" },\n        { texte: \"La simplicit\u00e9 est la sophistication supr\u00eame.\", auteur: \"Leonardo da Vinci\" },\n        { texte: \"La vie est soit une aventure audacieuse, soit rien du tout.\", auteur: \"Helen Keller\" },\n        { texte: \"Le meilleur moment pour planter un arbre \u00e9tait il y a 20 ans. Le deuxi\u00e8me meilleur moment est maintenant.\", auteur: \"Proverbe chinois\" },\n        { texte: \"Celui qui d\u00e9place une montagne commence par d\u00e9placer de petites pierres.\", auteur: \"Confucius\" },\n        { texte: \"La connaissance s'acquiert par l'exp\u00e9rience, tout le reste n'est que de l'information.\", auteur: \"Albert Einstein\" },\n        { texte: \"Le succ\u00e8s n'est pas final, l'\u00e9chec n'est pas fatal : c'est le courage de continuer qui compte.\", auteur: \"Winston Churchill\" },\n        { texte: \"La plus grande gloire n'est pas de ne jamais tomber, mais de se relever \u00e0 chaque chute.\", auteur: \"Confucius\" },\n        { texte: \"La seule limite \u00e0 notre \u00e9panouissement de demain sera nos doutes d'aujourd'hui.\", auteur: \"Franklin D. Roosevelt\" },\n        { texte: \"La vie est un myst\u00e8re qu'il faut vivre, et non un probl\u00e8me \u00e0 r\u00e9soudre.\", auteur: \"Gandhi\" },\n        { texte: \"Le bonheur est la seule chose qui se double si on le partage.\", auteur: \"Albert Schweitzer\" },\n        { texte: \"L'\u00e9ducation est l'arme la plus puissante qu'on puisse utiliser pour changer le monde.\", auteur: \"Nelson Mandela\" },\n        { texte: \"La musique exprime ce qui ne peut \u00eatre dit et sur quoi il est impossible de rester silencieux.\", auteur: \"Victor Hugo\" },\n        { texte: \"L'art de vivre est un subtil m\u00e9lange entre l\u00e2cher prise et tenir bon.\", auteur: \"Henry Ellis\" },\n        { texte: \"La folie, c'est de faire toujours la m\u00eame chose et de s'attendre \u00e0 un r\u00e9sultat diff\u00e9rent.\", auteur: \"Albert Einstein\" },\n        { texte: \"Le voyage de mille lieues commence par un pas.\", auteur: \"Lao Tseu\" },\n        { texte: \"On ne voit bien qu'avec le c\u0153ur. L'essentiel est invisible pour les yeux.\", auteur: \"Antoine de Saint-Exup\u00e9ry\" },\n        { texte: \"La vraie g\u00e9n\u00e9rosit\u00e9 envers l'avenir consiste \u00e0 tout donner au pr\u00e9sent.\", auteur: \"Albert Camus\" },\n        { texte: \"Les deux jours les plus importants de votre vie sont le jour o\u00f9 vous \u00eates n\u00e9 et le jour o\u00f9 vous d\u00e9couvrez pourquoi.\", auteur: \"Mark Twain\" },\n        { texte: \"Le pessimiste se plaint du vent, l'optimiste esp\u00e8re qu'il va changer, le r\u00e9aliste ajuste ses voiles.\", auteur: \"William Arthur Ward\" }\n    ];\n\n    function genererCitation() {\n        const indexAleatoire = Math.floor(Math.random() * citations.length);\n        const citationChoisie = citations[indexAleatoire];\n        document.getElementById('citation').textContent = `\"${citationChoisie.texte}\"`;\n        document.getElementById('auteur').textContent = `- ${citationChoisie.auteur}`;\n    }\n\n    function ajouterCitation() {\n        const nouvelleCitation = document.getElementById('nouvelle-citation').value.trim();\n        const nouvelAuteur = document.getElementById('nouvel-auteur').value.trim();\n        if (nouvelleCitation && nouvelAuteur) {\n            citations.push({ texte: nouvelleCitation, auteur: nouvelAuteur });\n            alert(\"Votre citation a \u00e9t\u00e9 ajout\u00e9e avec succ\u00e8s !\");\n            document.getElementById('nouvelle-citation').value = '';\n            document.getElementById('nouvel-auteur').value = '';\n            genererCitation();\n        } else {\n            alert(\"Veuillez entrer \u00e0 la fois une citation et un auteur.\");\n        }\n    }\n\n    document.getElementById('nouvelle-citation-btn').addEventListener('click', genererCitation);\n    document.getElementById('ajouter-citation-btn').addEventListener('click', ajouterCitation);\n\n    \/\/ G\u00e9n\u00e9rer une citation au chargement de la page\n    window.addEventListener('load', genererCitation);\n\n    \/\/ G\u00e9n\u00e9rer une nouvelle citation toutes les 30 secondes\n    setInterval(genererCitation, 30000);\n})();\n<\/script>\t\t\t\t<\/div>\n\t\t\t\t<\/div>\n\t\t\t\t\t<\/div>\n\t\t\t\t<\/div>\n\t\t\t\t<\/div>\n\t\t","protected":false},"excerpt":{"rendered":"<p>Cliquez sur le bouton pour g\u00e9n\u00e9rer une citation. Nouvelle citation Ajouter la citation<\/p>\n","protected":false},"author":1,"featured_media":2567,"parent":0,"menu_order":0,"comment_status":"closed","ping_status":"closed","template":"","meta":{"site-sidebar-layout":"no-sidebar","site-content-layout":"","ast-site-content-layout":"full-width-container","site-content-style":"default","site-sidebar-style":"default","ast-global-header-display":"","ast-banner-title-visibility":"","ast-main-header-display":"","ast-hfb-above-header-display":"","ast-hfb-below-header-display":"","ast-hfb-mobile-header-display":"","site-post-title":"disabled","ast-breadcrumbs-content":"","ast-featured-img":"disabled","footer-sml-layout":"","ast-disable-related-posts":"","theme-transparent-header-meta":"","adv-header-id-meta":"","stick-header-meta":"","header-above-stick-meta":"","header-main-stick-meta":"","header-below-stick-meta":"","astra-migrate-meta-layouts":"default","ast-page-background-enabled":"default","ast-page-background-meta":{"desktop":{"background-color":"var(--ast-global-color-4)","background-image":"","background-repeat":"repeat","background-position":"center center","background-size":"auto","background-attachment":"scroll","background-type":"","background-media":"","overlay-type":"","overlay-color":"","overlay-opacity":"","overlay-gradient":""},"tablet":{"background-color":"","background-image":"","background-repeat":"repeat","background-position":"center center","background-size":"auto","background-attachment":"scroll","background-type":"","background-media":"","overlay-type":"","overlay-color":"","overlay-opacity":"","overlay-gradient":""},"mobile":{"background-color":"","background-image":"","background-repeat":"repeat","background-position":"center center","background-size":"auto","background-attachment":"scroll","background-type":"","background-media":"","overlay-type":"","overlay-color":"","overlay-opacity":"","overlay-gradient":""}},"ast-content-background-meta":{"desktop":{"background-color":"var(--ast-global-color-5)","background-image":"","background-repeat":"repeat","background-position":"center center","background-size":"auto","background-attachment":"scroll","background-type":"","background-media":"","overlay-type":"","overlay-color":"","overlay-opacity":"","overlay-gradient":""},"tablet":{"background-color":"var(--ast-global-color-5)","background-image":"","background-repeat":"repeat","background-position":"center center","background-size":"auto","background-attachment":"scroll","background-type":"","background-media":"","overlay-type":"","overlay-color":"","overlay-opacity":"","overlay-gradient":""},"mobile":{"background-color":"var(--ast-global-color-5)","background-image":"","background-repeat":"repeat","background-position":"center center","background-size":"auto","background-attachment":"scroll","background-type":"","background-media":"","overlay-type":"","overlay-color":"","overlay-opacity":"","overlay-gradient":""}},"footnotes":""},"class_list":["post-428","page","type-page","status-publish","has-post-thumbnail","hentry"],"_links":{"self":[{"href":"https:\/\/honadi.com\/outils\/wp-json\/wp\/v2\/pages\/428","targetHints":{"allow":["GET"]}}],"collection":[{"href":"https:\/\/honadi.com\/outils\/wp-json\/wp\/v2\/pages"}],"about":[{"href":"https:\/\/honadi.com\/outils\/wp-json\/wp\/v2\/types\/page"}],"author":[{"embeddable":true,"href":"https:\/\/honadi.com\/outils\/wp-json\/wp\/v2\/users\/1"}],"replies":[{"embeddable":true,"href":"https:\/\/honadi.com\/outils\/wp-json\/wp\/v2\/comments?post=428"}],"version-history":[{"count":4,"href":"https:\/\/honadi.com\/outils\/wp-json\/wp\/v2\/pages\/428\/revisions"}],"predecessor-version":[{"id":435,"href":"https:\/\/honadi.com\/outils\/wp-json\/wp\/v2\/pages\/428\/revisions\/435"}],"wp:featuredmedia":[{"embeddable":true,"href":"https:\/\/honadi.com\/outils\/wp-json\/wp\/v2\/media\/2567"}],"wp:attachment":[{"href":"https:\/\/honadi.com\/outils\/wp-json\/wp\/v2\/media?parent=428"}],"curies":[{"name":"wp","href":"https:\/\/api.w.org\/{rel}","templated":true}]}}